{"id":55,"date":"2011-12-16T14:25:42","date_gmt":"2011-12-16T14:25:42","guid":{"rendered":"http:\/\/www.lebensfragen-projekt.com\/?page_id=55"},"modified":"2021-03-19T22:53:53","modified_gmt":"2021-03-19T22:53:53","slug":"feedback","status":"publish","type":"page","link":"http:\/\/www.lebensfragen-projekt.com\/en\/feedback\/","title":{"rendered":"Feedback"},"content":{"rendered":"<p><\/p>\n<div id=\"right\">\n<h3>Das Lebensfragen-Projekt<\/h3>\n<p>Wir entwickeln diese Applikation st\u00e4ndig weiter. Darum sind wir auf Ihr Feedback angewiesen, \u00fcber das wir uns sehr freuen!<\/p>\n<p>Schreiben Sie uns Ihre Eindr\u00fccke und Ideen \u00fcber die E-Mail-Adresse\u00a0<a href=\"mailto:Mail@Jan-Kropf.de\" target=\"_blank\" rel=\"noopener\">Mail@Jan-Kropf.de<\/a>.<\/p>\n<p>Hier k\u00f6nnen Sie die aktuellste Version unserer Applikation Lebensfragen-Projekt herunterladen.<\/p>\n<p><a class=\"appstore\" href=\"http:\/\/itunes.apple.com\/us\/app\/lebensfragen-projekt\/id489106059?l=de&amp;ls=1&amp;mt=8\" target=\"_blank\" rel=\"noopener\">App Store Download<\/a><\/p>\n<p><a href=\"https:\/\/play.google.com\/store\/apps\/details?id=de.jankropf.lebensfragenprojekt&amp;hl=de\" target=\"_blank\" rel=\"noopener\">\u00a0\u00a0 \u00a0 \u00a0 \u00a0\u00a0 \u00a0 \u00a0\u00a0 <img decoding=\"async\" loading=\"lazy\" class=\"alignnone wp-image-214\" src=\"http:\/\/www.lebensfragen-projekt.com\/wp-content\/uploads\/2011\/11\/Google-Play-300x80.jpg\" alt=\"\" width=\"233\" height=\"62\" srcset=\"http:\/\/www.lebensfragen-projekt.com\/wp-content\/uploads\/2011\/11\/Google-Play-300x80.jpg 300w, http:\/\/www.lebensfragen-projekt.com\/wp-content\/uploads\/2011\/11\/Google-Play-768x205.jpg 768w, http:\/\/www.lebensfragen-projekt.com\/wp-content\/uploads\/2011\/11\/Google-Play-675x180.jpg 675w, http:\/\/www.lebensfragen-projekt.com\/wp-content\/uploads\/2011\/11\/Google-Play-100x27.jpg 100w, http:\/\/www.lebensfragen-projekt.com\/wp-content\/uploads\/2011\/11\/Google-Play.jpg 938w\" sizes=\"(max-width: 233px) 100vw, 233px\" \/><\/a><\/p>\n<\/div>\n<div id=\"left-normal\"><\/div>\n<div id=\"right\">\n<h3>Vital question project<\/h3>\n<p>We are continuously enhancing our vital questions project and look forward to your feedback!<\/p>\n<p>Please inform us about your suggestions via <a href=\"mailto:Mail@Jan-Kropf.de\" target=\"_blank\" rel=\"noopener\">Mail@Jan-Kropf.de<\/a>.<\/p>\n<p>Get the latest version here:<\/p>\n<p><a class=\"appstore\" href=\"http:\/\/itunes.apple.com\/app\/vital-question-project\/id489106059?mt=8\" target=\"_blank\" rel=\"noopener\">App Store Download<\/a><\/p>\n<p><a href=\"https:\/\/play.google.com\/store\/apps\/details?id=de.jankropf.lebensfragenprojekt&amp;hl=de\" target=\"_blank\" rel=\"noopener\">\u00a0\u00a0 \u00a0 \u00a0 \u00a0\u00a0 \u00a0 \u00a0\u00a0 <img decoding=\"async\" loading=\"lazy\" class=\"alignnone wp-image-214\" src=\"http:\/\/www.lebensfragen-projekt.com\/wp-content\/uploads\/2011\/11\/Google-Play-300x80.jpg\" alt=\"\" width=\"233\" height=\"62\" srcset=\"http:\/\/www.lebensfragen-projekt.com\/wp-content\/uploads\/2011\/11\/Google-Play-300x80.jpg 300w, http:\/\/www.lebensfragen-projekt.com\/wp-content\/uploads\/2011\/11\/Google-Play-768x205.jpg 768w, http:\/\/www.lebensfragen-projekt.com\/wp-content\/uploads\/2011\/11\/Google-Play-675x180.jpg 675w, http:\/\/www.lebensfragen-projekt.com\/wp-content\/uploads\/2011\/11\/Google-Play-100x27.jpg 100w, http:\/\/www.lebensfragen-projekt.com\/wp-content\/uploads\/2011\/11\/Google-Play.jpg 938w\" sizes=\"(max-width: 233px) 100vw, 233px\" \/><\/a><\/p>\n<\/div>\n<p>&nbsp;<\/p>\n<div id=\"right\"><\/div>\n<div id=\"right\">\n<h3>Das Lebensfragen-Projekt<\/h3>\n<p>Wir entwickeln diese Applikation st\u00e4ndig weiter. Darum sind wir auf Ihr Feedback angewiesen, \u00fcber das wir uns sehr freuen!<\/p>\n<p>Schreiben Sie uns Ihre Eindr\u00fccke und Ideen \u00fcber die E-Mail-Adresse\u00a0<a href=\"mailto:Mail@Jan-Kropf.de\" target=\"_blank\" rel=\"noopener\">Mail@Jan-Kropf.de<\/a>.<\/p>\n<p>Hier k\u00f6nnen Sie die aktuellste Version unserer Applikation Lebensfragen-Projekt herunterladen.<\/p>\n<p><a class=\"appstore\" href=\"http:\/\/itunes.apple.com\/us\/app\/lebensfragen-projekt\/id489106059?l=de&amp;ls=1&amp;mt=8\" target=\"_blank\" rel=\"noopener\">App Store Download<\/a><\/p>\n<p><a href=\"https:\/\/play.google.com\/store\/apps\/details?id=de.jankropf.lebensfragenprojekt&amp;hl=de\" target=\"_blank\" rel=\"noopener\">\u00a0\u00a0 \u00a0 \u00a0 \u00a0\u00a0 \u00a0 \u00a0\u00a0 <img decoding=\"async\" loading=\"lazy\" class=\"alignnone wp-image-214\" src=\"http:\/\/www.lebensfragen-projekt.com\/wp-content\/uploads\/2011\/11\/Google-Play-300x80.jpg\" alt=\"\" width=\"233\" height=\"62\" srcset=\"http:\/\/www.lebensfragen-projekt.com\/wp-content\/uploads\/2011\/11\/Google-Play-300x80.jpg 300w, http:\/\/www.lebensfragen-projekt.com\/wp-content\/uploads\/2011\/11\/Google-Play-768x205.jpg 768w, http:\/\/www.lebensfragen-projekt.com\/wp-content\/uploads\/2011\/11\/Google-Play-675x180.jpg 675w, http:\/\/www.lebensfragen-projekt.com\/wp-content\/uploads\/2011\/11\/Google-Play-100x27.jpg 100w, http:\/\/www.lebensfragen-projekt.com\/wp-content\/uploads\/2011\/11\/Google-Play.jpg 938w\" sizes=\"(max-width: 233px) 100vw, 233px\" \/><\/a><\/p>\n<\/div>\n<div id=\"left-normal\"><\/div>\n<div id=\"right\">\n<h3>Vital question project<\/h3>\n<p>We are continuously enhancing our vital questions project and look forward to your feedback!<\/p>\n<p>Please inform us about your suggestions via <a href=\"mailto:Mail@Jan-Kropf.de\" target=\"_blank\" rel=\"noopener\">Mail@Jan-Kropf.de<\/a>.<\/p>\n<p>Get the latest version here:<\/p>\n<p><a class=\"appstore\" href=\"http:\/\/itunes.apple.com\/app\/vital-question-project\/id489106059?mt=8\" target=\"_blank\" rel=\"noopener\">App Store Download<\/a><\/p>\n<p><a href=\"https:\/\/play.google.com\/store\/apps\/details?id=de.jankropf.lebensfragenprojekt&amp;hl=de\" target=\"_blank\" rel=\"noopener\">\u00a0\u00a0 \u00a0 \u00a0 \u00a0\u00a0 \u00a0 \u00a0\u00a0 <img decoding=\"async\" loading=\"lazy\" class=\"alignnone wp-image-214\" src=\"http:\/\/www.lebensfragen-projekt.com\/wp-content\/uploads\/2011\/11\/Google-Play-300x80.jpg\" alt=\"\" width=\"233\" height=\"62\" srcset=\"http:\/\/www.lebensfragen-projekt.com\/wp-content\/uploads\/2011\/11\/Google-Play-300x80.jpg 300w, http:\/\/www.lebensfragen-projekt.com\/wp-content\/uploads\/2011\/11\/Google-Play-768x205.jpg 768w, http:\/\/www.lebensfragen-projekt.com\/wp-content\/uploads\/2011\/11\/Google-Play-675x180.jpg 675w, http:\/\/www.lebensfragen-projekt.com\/wp-content\/uploads\/2011\/11\/Google-Play-100x27.jpg 100w, http:\/\/www.lebensfragen-projekt.com\/wp-content\/uploads\/2011\/11\/Google-Play.jpg 938w\" sizes=\"(max-width: 233px) 100vw, 233px\" \/><\/a><\/p>\n<\/div>\n<div id=\"right\">\n<\/div>\n<p><\/p>","protected":false},"excerpt":{"rendered":"<p>Das Lebensfragen-Projekt Wir entwickeln diese Applikation st\u00e4ndig weiter. Darum sind wir auf Ihr Feedback angewiesen, \u00fcber das wir uns sehr freuen! Schreiben Sie uns Ihre Eindr\u00fccke und Ideen \u00fcber die E-Mail-Adresse\u00a0Mail@Jan-Kropf.de. Hier k\u00f6nnen Sie die aktuellste Version unserer Applikation Lebensfragen-Projekt herunterladen. App Store Download \u00a0\u00a0 \u00a0 \u00a0 \u00a0\u00a0 \u00a0 \u00a0\u00a0 Vital question project We are [&hellip;]<\/p>\n","protected":false},"author":1,"featured_media":0,"parent":0,"menu_order":0,"comment_status":"open","ping_status":"closed","template":"tmpl-kontakt.php","meta":[],"yoast_head":"<!-- This site is optimized with the Yoast SEO plugin v19.10 - https:\/\/yoast.com\/wordpress\/plugins\/seo\/ -->\n<title>Feedback - Vital Questions Projekt<\/title>\n<meta name=\"robots\" content=\"index, follow, max-snippet:-1, max-image-preview:large, max-video-preview:-1\" \/>\n<link rel=\"canonical\" href=\"http:\/\/www.lebensfragen-projekt.com\/en\/feedback\/\" \/>\n<meta name=\"twitter:label1\" content=\"Est. reading time\" \/>\n\t<meta name=\"twitter:data1\" content=\"1 minute\" \/>\n<script type=\"application\/ld+json\" class=\"yoast-schema-graph\">{\"@context\":\"https:\/\/schema.org\",\"@graph\":[{\"@type\":\"WebPage\",\"@id\":\"http:\/\/www.lebensfragen-projekt.com\/en\/feedback\/\",\"url\":\"http:\/\/www.lebensfragen-projekt.com\/en\/feedback\/\",\"name\":\"Feedback - Vital Questions Projekt\",\"isPartOf\":{\"@id\":\"http:\/\/www.lebensfragen-projekt.com\/en\/#website\"},\"datePublished\":\"2011-12-16T14:25:42+00:00\",\"dateModified\":\"2021-03-19T22:53:53+00:00\",\"breadcrumb\":{\"@id\":\"http:\/\/www.lebensfragen-projekt.com\/en\/feedback\/#breadcrumb\"},\"inLanguage\":\"en-US\",\"potentialAction\":[{\"@type\":\"ReadAction\",\"target\":[[\"http:\/\/www.lebensfragen-projekt.com\/en\/feedback\/\"]]}]},{\"@type\":\"BreadcrumbList\",\"@id\":\"http:\/\/www.lebensfragen-projekt.com\/en\/feedback\/#breadcrumb\",\"itemListElement\":[{\"@type\":\"ListItem\",\"position\":1,\"name\":\"Home\",\"item\":\"http:\/\/www.lebensfragen-projekt.com\/en\/\"},{\"@type\":\"ListItem\",\"position\":2,\"name\":\"Feedback\"}]},{\"@type\":\"WebSite\",\"@id\":\"http:\/\/www.lebensfragen-projekt.com\/en\/#website\",\"url\":\"http:\/\/www.lebensfragen-projekt.com\/en\/\",\"name\":\"Vital Questions Projekt\",\"description\":\"The ultimate self improvement app for iOS and Android!\",\"potentialAction\":[{\"@type\":\"SearchAction\",\"target\":{\"@type\":\"EntryPoint\",\"urlTemplate\":\"http:\/\/www.lebensfragen-projekt.com\/en\/?s={search_term_string}\"},\"query-input\":\"required name=search_term_string\"}],\"inLanguage\":\"en-US\"}]}<\/script>\n<!-- \/ Yoast SEO plugin. -->","yoast_head_json":{"title":"Feedback - Vital Questions Projekt","robots":{"index":"index","follow":"follow","max-snippet":"max-snippet:-1","max-image-preview":"max-image-preview:large","max-video-preview":"max-video-preview:-1"},"canonical":"http:\/\/www.lebensfragen-projekt.com\/en\/feedback\/","twitter_misc":{"Est. reading time":"1 minute"},"schema":{"@context":"https:\/\/schema.org","@graph":[{"@type":"WebPage","@id":"http:\/\/www.lebensfragen-projekt.com\/en\/feedback\/","url":"http:\/\/www.lebensfragen-projekt.com\/en\/feedback\/","name":"Feedback - Vital Questions Projekt","isPartOf":{"@id":"http:\/\/www.lebensfragen-projekt.com\/en\/#website"},"datePublished":"2011-12-16T14:25:42+00:00","dateModified":"2021-03-19T22:53:53+00:00","breadcrumb":{"@id":"http:\/\/www.lebensfragen-projekt.com\/en\/feedback\/#breadcrumb"},"inLanguage":"en-US","potentialAction":[{"@type":"ReadAction","target":[["http:\/\/www.lebensfragen-projekt.com\/en\/feedback\/"]]}]},{"@type":"BreadcrumbList","@id":"http:\/\/www.lebensfragen-projekt.com\/en\/feedback\/#breadcrumb","itemListElement":[{"@type":"ListItem","position":1,"name":"Home","item":"http:\/\/www.lebensfragen-projekt.com\/en\/"},{"@type":"ListItem","position":2,"name":"Feedback"}]},{"@type":"WebSite","@id":"http:\/\/www.lebensfragen-projekt.com\/en\/#website","url":"http:\/\/www.lebensfragen-projekt.com\/en\/","name":"Vital Questions Projekt","description":"The ultimate self improvement app for iOS and Android!","potentialAction":[{"@type":"SearchAction","target":{"@type":"EntryPoint","urlTemplate":"http:\/\/www.lebensfragen-projekt.com\/en\/?s={search_term_string}"},"query-input":"required name=search_term_string"}],"inLanguage":"en-US"}]}},"_links":{"self":[{"href":"http:\/\/www.lebensfragen-projekt.com\/en\/wp-json\/wp\/v2\/pages\/55"}],"collection":[{"href":"http:\/\/www.lebensfragen-projekt.com\/en\/wp-json\/wp\/v2\/pages"}],"about":[{"href":"http:\/\/www.lebensfragen-projekt.com\/en\/wp-json\/wp\/v2\/types\/page"}],"author":[{"embeddable":true,"href":"http:\/\/www.lebensfragen-projekt.com\/en\/wp-json\/wp\/v2\/users\/1"}],"replies":[{"embeddable":true,"href":"http:\/\/www.lebensfragen-projekt.com\/en\/wp-json\/wp\/v2\/comments?post=55"}],"version-history":[{"count":22,"href":"http:\/\/www.lebensfragen-projekt.com\/en\/wp-json\/wp\/v2\/pages\/55\/revisions"}],"predecessor-version":[{"id":316,"href":"http:\/\/www.lebensfragen-projekt.com\/en\/wp-json\/wp\/v2\/pages\/55\/revisions\/316"}],"wp:attachment":[{"href":"http:\/\/www.lebensfragen-projekt.com\/en\/wp-json\/wp\/v2\/media?parent=55"}],"curies":[{"name":"wp","href":"https:\/\/api.w.org\/{rel}","templated":true}]}}